{"id":14,"date":"2023-02-20T15:27:40","date_gmt":"2023-02-20T20:27:40","guid":{"rendered":"https:\/\/allaxis.ca\/?page_id=14"},"modified":"2025-04-13T15:59:00","modified_gmt":"2025-04-13T20:59:00","slug":"politique-de-confidentialite","status":"publish","type":"page","link":"https:\/\/allaxis.ca\/en\/politique-de-confidentialite\/","title":{"rendered":"Privacy Policy"},"content":{"rendered":"<style>.kb-row-layout-id14_c05f84-c2 > .kt-row-column-wrap{align-content:center;}:where(.kb-row-layout-id14_c05f84-c2 > .kt-row-column-wrap) > .wp-block-kadence-column{justify-content:center;}.kb-row-layout-id14_c05f84-c2 > .kt-row-column-wrap{column-gap:var(--global-kb-gap-md, 2rem);row-gap:var(--global-kb-gap-md, 2rem);max-width:var( --global-content-width, 1290px );padding-left:var(--global-content-edge-padding);padding-right:var(--global-content-edge-padding);padding-top:var(--global-kb-spacing-3xl, 6.5rem);padding-bottom:var(--global-kb-spacing-3xl, 6.5rem);min-height:450px;grid-template-columns:minmax(0, 1fr);}.kb-row-layout-id14_c05f84-c2{background-image:url('https:\/\/allaxis.ca\/wp-content\/uploads\/2025\/04\/privacy-policy.jpg');background-size:cover;background-position:66% 43%;background-attachment:fixed;background-repeat:no-repeat;}.kb-row-layout-id14_c05f84-c2 > .kt-row-layout-overlay{opacity:0.70;background-color:var(--global-palette7, #EDF2F7);mix-blend-mode:normal;}.kb-row-layout-id14_c05f84-c2 .kt-row-layout-bottom-sep{height:45px;}.kb-row-layout-id14_c05f84-c2 .kt-row-layout-bottom-sep svg{width:100%;}.kb-row-layout-id14_c05f84-c2 .kt-row-layout-bottom-sep svg{fill:var(--global-palette9, #ffffff)!important;}.kb-row-layout-id14_c05f84-c2 .kt-row-layout-top-sep{height:45px;}.kb-row-layout-id14_c05f84-c2 .kt-row-layout-top-sep svg{width:100%;}.kb-row-layout-id14_c05f84-c2 .kt-row-layout-top-sep svg{fill:#ffffff!important;}@media all and (max-width: 1024px), only screen and (min-device-width: 1024px) and (max-device-width: 1366px) and (-webkit-min-device-pixel-ratio: 2) and (hover: none){.kb-row-layout-id14_c05f84-c2{background-attachment:scroll;}}@media all and (max-width: 1024px){.kb-row-layout-id14_c05f84-c2 > .kt-row-column-wrap{grid-template-columns:minmax(0, 1fr);}}@media all and (max-width: 1024px){.kb-row-layout-id14_c05f84-c2 .kt-row-layout-bottom-sep{height:px;}}@media all and (max-width: 1024px){.kb-row-layout-id14_c05f84-c2 .kt-row-layout-bottom-sep svg{width:%;}}@media all and (max-width: 767px){.kb-row-layout-id14_c05f84-c2 > .kt-row-column-wrap{grid-template-columns:minmax(0, 1fr);}.kb-row-layout-id14_c05f84-c2 .kt-row-layout-bottom-sep{height:px;}.kb-row-layout-id14_c05f84-c2 .kt-row-layout-bottom-sep svg{width:%;}}<\/style><div class=\"kb-row-layout-wrap kb-row-layout-id14_c05f84-c2 alignfull kt-row-has-bg wp-block-kadence-rowlayout\"><div class=\"kt-row-layout-overlay kt-row-overlay-normal\"><\/div><div class=\"kt-row-layout-top-sep kt-row-sep-type-wavesi\"><svg viewBox=\"0 0 1000 100\" preserveAspectRatio=\"none\"><path d=\"M0,40c0,0 120.077,-38.076 250,-38c129.923,0.076 345.105,78 500,78c154.895,0 250,-30 250,-30l0,50l-1000,0l0,-60Z\" \/><path d=\"M0,40c0,0 120.077,-38.076 250,-38c129.923,0.076 345.105,73 500,73c154.895,0 250,-45 250,-45l0,70l-1000,0l0,-60Z\" style=\"opacity: 0.4\" \/><path d=\"M0,40c0,0 120.077,-38.076 250,-38c129.923,0.076 345.105,68 500,68c154.895,0 250,-65 250,-65l0,95l-1000,0l0,-60Z\" style=\"opacity: 0.4\" \/><\/svg><\/div><div class=\"kt-row-layout-bottom-sep kt-row-sep-type-wavesi\"><svg viewBox=\"0 0 1000 100\" preserveAspectRatio=\"none\"><path d=\"M0,40c0,0 120.077,-38.076 250,-38c129.923,0.076 345.105,78 500,78c154.895,0 250,-30 250,-30l0,50l-1000,0l0,-60Z\" \/><path d=\"M0,40c0,0 120.077,-38.076 250,-38c129.923,0.076 345.105,73 500,73c154.895,0 250,-45 250,-45l0,70l-1000,0l0,-60Z\" style=\"opacity: 0.4\" \/><path d=\"M0,40c0,0 120.077,-38.076 250,-38c129.923,0.076 345.105,68 500,68c154.895,0 250,-65 250,-65l0,95l-1000,0l0,-60Z\" style=\"opacity: 0.4\" \/><\/svg><\/div><div class=\"kt-row-column-wrap kt-has-1-columns kt-row-layout-equal kt-tab-layout-inherit kt-mobile-layout-row kt-row-valign-middle kb-theme-content-width\">\n<style>.kadence-column14_f556d2-d3 > .kt-inside-inner-col,.kadence-column14_f556d2-d3 > .kt-inside-inner-col:before{border-top-left-radius:0px;border-top-right-radius:0px;border-bottom-right-radius:0px;border-bottom-left-radius:0px;}.kadence-column14_f556d2-d3 > .kt-inside-inner-col{column-gap:var(--global-kb-gap-sm, 1rem);}.kadence-column14_f556d2-d3 > .kt-inside-inner-col{flex-direction:column;}.kadence-column14_f556d2-d3 > .kt-inside-inner-col > .aligncenter{width:100%;}.kadence-column14_f556d2-d3 > .kt-inside-inner-col:before{opacity:0.3;}.kadence-column14_f556d2-d3{position:relative;}@media all and (max-width: 1024px){.kadence-column14_f556d2-d3 > .kt-inside-inner-col{flex-direction:column;justify-content:center;}}@media all and (max-width: 767px){.kadence-column14_f556d2-d3 > .kt-inside-inner-col{flex-direction:column;justify-content:center;}}<\/style>\n<div class=\"wp-block-kadence-column kadence-column14_f556d2-d3 inner-column-1\"><div class=\"kt-inside-inner-col\"><style>.wp-block-kadence-advancedheading.kt-adv-heading14_b62028-a8, .wp-block-kadence-advancedheading.kt-adv-heading14_b62028-a8[data-kb-block=\"kb-adv-heading14_b62028-a8\"]{text-align:center;line-height:1.4;font-style:normal;text-transform:uppercase;}.wp-block-kadence-advancedheading.kt-adv-heading14_b62028-a8 mark.kt-highlight, .wp-block-kadence-advancedheading.kt-adv-heading14_b62028-a8[data-kb-block=\"kb-adv-heading14_b62028-a8\"] mark.kt-highlight{font-style:normal;color:#f76a0c;-webkit-box-decoration-break:clone;box-decoration-break:clone;padding-top:0px;padding-right:0px;padding-bottom:0px;padding-left:0px;}.wp-block-kadence-advancedheading.kt-adv-heading14_b62028-a8 img.kb-inline-image, .wp-block-kadence-advancedheading.kt-adv-heading14_b62028-a8[data-kb-block=\"kb-adv-heading14_b62028-a8\"] img.kb-inline-image{width:150px;vertical-align:baseline;}<\/style>\n<h6 class=\"kt-adv-heading14_b62028-a8 wp-block-kadence-advancedheading has-theme-palette-5-color has-text-color\" data-kb-block=\"kb-adv-heading14_b62028-a8\">allaxis innovation<\/h6>\n\n\n<style>.wp-block-kadence-advancedheading.kt-adv-heading14_4aa5ad-6f, .wp-block-kadence-advancedheading.kt-adv-heading14_4aa5ad-6f[data-kb-block=\"kb-adv-heading14_4aa5ad-6f\"]{margin-bottom:10px;text-align:center;font-size:var(--global-kb-font-size-xxl, 4rem);line-height:61px;font-style:normal;}.wp-block-kadence-advancedheading.kt-adv-heading14_4aa5ad-6f mark.kt-highlight, .wp-block-kadence-advancedheading.kt-adv-heading14_4aa5ad-6f[data-kb-block=\"kb-adv-heading14_4aa5ad-6f\"] mark.kt-highlight{font-style:normal;color:#f76a0c;-webkit-box-decoration-break:clone;box-decoration-break:clone;padding-top:0px;padding-right:0px;padding-bottom:0px;padding-left:0px;}.wp-block-kadence-advancedheading.kt-adv-heading14_4aa5ad-6f img.kb-inline-image, .wp-block-kadence-advancedheading.kt-adv-heading14_4aa5ad-6f[data-kb-block=\"kb-adv-heading14_4aa5ad-6f\"] img.kb-inline-image{width:150px;vertical-align:baseline;}<\/style>\n<h1 class=\"kt-adv-heading14_4aa5ad-6f wp-block-kadence-advancedheading has-theme-palette-3-color has-text-color\" data-kb-block=\"kb-adv-heading14_4aa5ad-6f\"><strong>Politique de confidentialit\u00e9<\/strong><\/h1>\n<\/div><\/div>\n\n<\/div><\/div>\n\n\n<h2 class=\"wp-block-heading\">Politique de confidentialit\u00e9<\/h2>\n\n\n\n<p>Cette politique s&rsquo;applique au site&nbsp;: <a href=\"https:\/\/allaxis.ca\" data-type=\"page\">allaxis.ca<\/a><br>Date de derni\u00e8re mise \u00e0 jour&nbsp;: 21 f\u00e9vrier 2023<\/p>\n\n\n\n<p>Le respect de votre vie priv\u00e9e est de la plus haute importance pour Allaxis Innovation Inc., qui est responsable de ce site.<\/p>\n\n\n\n<p>La pr\u00e9sente politique de confidentialit\u00e9 a pour but de vous exposer:<\/p>\n\n\n\n<ul class=\"wp-block-list\">\n<li>La mani\u00e8re dont sont collect\u00e9s et trait\u00e9s vos renseignements personnels. Doivent \u00eatre consid\u00e9r\u00e9s comme renseignements personnels tous les renseignements susceptibles de vous identifier. Il s&rsquo;agit notamment de votre pr\u00e9nom et nom, de votre \u00e2ge, de votre adresse postale, de votre adresse courriel de votre localisation ou encore de votre adresse IP&nbsp;;<\/li>\n\n\n\n<li>Quels sont vos droits concernant ces renseignements;<\/li>\n\n\n\n<li>Qui est responsable du traitement des renseignements personnels collect\u00e9s et trait\u00e9s&nbsp;;<\/li>\n\n\n\n<li>\u00c0 qui ces renseignements sont transmis&nbsp;;<\/li>\n\n\n\n<li>\u00c9ventuellement, la politique du site en mati\u00e8re de fichiers t\u00e9moins (\u00ab\u00a0cookies\u00a0\u00bb).<\/li>\n<\/ul>\n\n\n\n<p>Cette politique de confidentialit\u00e9 compl\u00e8te les Conditions g\u00e9n\u00e9rales d&rsquo;utilisation que vous pouvez consulter \u00e0 l&rsquo;adresse ci-apr\u00e8s&nbsp;: <a href=\"https:\/\/allaxis.ca\/conditions-generales-dutilisation\/\">https:\/\/allaxis.ca\/conditions-generales-dutilisation\/<\/a><\/p>\n\n\n\n<h3 class=\"wp-block-heading\" style=\"text-transform:none\">1. COLLECTE DE RENSEIGNEMENTS PERSONNELS<\/h3>\n\n\n\n<p>Nous collectons les renseignements personnels suivants&nbsp;:<\/p>\n\n\n\n<ul class=\"wp-block-list\">\n<li>Nom<\/li>\n\n\n\n<li>Pr\u00e9nom<\/li>\n\n\n\n<li>Adresse \u00e9lectronique<\/li>\n<\/ul>\n\n\n\n<p>Les renseignements personnels que nous collectons sont recueillis par l&rsquo;entremise des modes de collecte d\u00e9crits ci-bas, dans les sections \u00ab\u00a0Formulaires et modes de collecte\u00a0\u00bb et suivantes.<\/p>\n\n\n\n<h3 class=\"wp-block-heading\">2. FORMULAIRES ET MODES DE COLLECTE<\/h3>\n\n\n\n<p>Vos renseignements personnels sont collect\u00e9s par l&rsquo;entremise des m\u00e9thodes suivantes&nbsp;:<\/p>\n\n\n\n<ul class=\"wp-block-list\">\n<li>Formulaire d&rsquo;inscription au site Web<\/li>\n\n\n\n<li>Autre(s)&nbsp;:&nbsp;&nbsp;&nbsp;&nbsp;&nbsp;&nbsp;&nbsp;&nbsp;&nbsp;<br>Le formulaire de la page de contact<\/li>\n<\/ul>\n\n\n\n<p>Nous utilisons les renseignements ainsi collect\u00e9s pour les finalit\u00e9s suivantes&nbsp;:<\/p>\n\n\n\n<ul class=\"wp-block-list\">\n<li>Contact<\/li>\n\n\n\n<li>Autre(s)&nbsp;:<br>&#8211; Envoi d&rsquo;une infolettre lors de l&rsquo;inscription de l&rsquo;utilisateur pr\u00e9sentant les articles r\u00e9cents publi\u00e9s sur le site web.&nbsp;&nbsp;&nbsp;&nbsp;&nbsp;&nbsp;&nbsp;&nbsp;&nbsp;&nbsp;<br>&#8211; Envoi d&rsquo;une infolettre hebdomadaire pr\u00e9sentant les articles r\u00e9cents publi\u00e9s sur le site web.<\/li>\n<\/ul>\n\n\n\n<h3 class=\"wp-block-heading\">3. INTERACTIVIT\u00c9<\/h3>\n\n\n\n<p>Vos renseignements personnels sont \u00e9galement collect\u00e9s par le biais de l&rsquo;interactivit\u00e9 pouvant s&rsquo;\u00e9tablir entre vous et notre site Web. Ces renseignements sont collect\u00e9s par les moyens suivants&nbsp;:<\/p>\n\n\n\n<ul class=\"wp-block-list\">\n<li>Forum ou aires de discussion<\/li>\n\n\n\n<li>Commentaires<\/li>\n<\/ul>\n\n\n\n<p>Nous utilisons les renseignements ainsi collect\u00e9s pour les finalit\u00e9s suivantes&nbsp;:<\/p>\n\n\n\n<ul class=\"wp-block-list\">\n<li>Contact<\/li>\n<\/ul>\n\n\n\n<h3 class=\"wp-block-heading\">4. PARTAGE DES RENSEIGNEMENTS PERSONNELS<\/h3>\n\n\n\n<p>Les renseignements personnels collect\u00e9s par le site ne sont transmis \u00e0 aucun tiers et ne sont trait\u00e9s que par nous.<\/p>\n\n\n\n<h3 class=\"wp-block-heading\">5. DUR\u00c9E DE CONSERVATION DES RENSEIGNEMENTS PERSONNELS<\/h3>\n\n\n\n<p>Le responsable du traitement des renseignements personnels conservera dans ses syst\u00e8mes informatiques du site et dans des conditions raisonnables de s\u00e9curit\u00e9 l&rsquo;ensemble des renseignements personnels collect\u00e9s pour une dur\u00e9e de&nbsp;: Tant que l&rsquo;utilisateur ne fera pas la demande d&rsquo;\u00eatre retir\u00e9 de la liste d&rsquo;envoi.<\/p>\n\n\n\n<h3 class=\"wp-block-heading\">6. H\u00c9BERGEMENT DES RENSEIGNEMENTS PERSONNELS<\/h3>\n\n\n\n<p>Notre site est h\u00e9berg\u00e9 par&nbsp;: HostPapa, dont le si\u00e8ge est situ\u00e9 \u00e0 l&rsquo;adresse ci-apr\u00e8s&nbsp;:<\/p>\n\n\n\n<p>5063 North Service Road Suite 102 Burlington, ON L7L 5H6<\/p>\n\n\n\n<p>L&rsquo;h\u00e9bergeur peut \u00eatre contact\u00e9 au num\u00e9ro de t\u00e9l\u00e9phone suivant&nbsp;: 1-888-959-PAPA [7272].<\/p>\n\n\n\n<p>Les renseignements que nous collectons et traitons sont exclusivement h\u00e9berg\u00e9s et trait\u00e9s au Canada.<\/p>\n\n\n\n<h3 class=\"wp-block-heading\">7. RESPONSABLE DU TRAITEMENT DES RENSEIGNEMENTS PERSONNELS<\/h3>\n\n\n\n<p><strong>a) Le responsable du traitement des renseignements personnels<\/strong><\/p>\n\n\n\n<p>Le responsable du traitement des renseignements personnels est&nbsp;: Pierre Francis Roy. Il peut \u00eatre contact\u00e9 de la mani\u00e8re suivante&nbsp;:<\/p>\n\n\n\n<p>Le responsable du traitement des renseignements personnels peut \u00eatre contact\u00e9 en remplissant le fiche de contact: <a href=\"https:\/\/allaxis.ca\/contact\/.\">https:\/\/allaxis.ca\/contact\/<\/a>.<\/p>\n\n\n\n<p>Le responsable du traitement des renseignements personnels est charg\u00e9 de d\u00e9terminer les finalit\u00e9s et les moyens mis au service du traitement des renseignements personnels<\/p>\n\n\n\n<p><strong>b) Obligations du responsable du traitement des renseignements personnels<\/strong><\/p>\n\n\n\n<p>Le responsable du traitement des renseignements personnels s&rsquo;engage \u00e0 prot\u00e9ger les renseignements personnels collect\u00e9s, \u00e0 ne pas les transmettre \u00e0 des tiers sans que vous n&rsquo;en ayez \u00e9t\u00e9 inform\u00e9(e) et \u00e0 respecter les finalit\u00e9s pour lesquelles ces renseignements ont \u00e9t\u00e9 collect\u00e9s.<\/p>\n\n\n\n<p>De plus, le responsable du traitement des renseignements personnels s&rsquo;engage \u00e0 vous aviser en cas de rectification ou de suppression des renseignements personnels, \u00e0 moins que cela n&rsquo;entra\u00eene pour lui des formalit\u00e9s, co\u00fbts ou d\u00e9marches disproportionn\u00e9s.<\/p>\n\n\n\n<p>Dans le cas o\u00f9 l&rsquo;int\u00e9grit\u00e9, la confidentialit\u00e9 ou la s\u00e9curit\u00e9 de vos renseignements personnels est compromise, le responsable du traitement s&rsquo;engage \u00e0 vous en informer par tout moyen.<\/p>\n\n\n\n<h3 class=\"wp-block-heading\">8. DROIT D&rsquo;OPPOSITION ET DE RETRAIT<\/h3>\n\n\n\n<p>Vous avez le droit de vous opposer au traitement de vos renseignements personnels par le site (\u00ab\u00a0droit d&rsquo;opposition\u00a0\u00bb). Vous avez \u00e9galement le droit de demander \u00e0 ce que vos renseignements personnels ne figurent plus, par exemple, dans une liste de diffusion (\u00ab\u00a0droit de retrait\u00a0\u00bb).<\/p>\n\n\n\n<p>Afin de formuler une opposition au traitement de vos renseignements personnels ou demander le retrait de vos renseignements personnels, vous devez suivre la proc\u00e9dure suivante&nbsp;:<\/p>\n\n\n\n<p>L&rsquo;utilisateur doit cliquer sur le lien de d\u00e9sinscription au bas de l&rsquo;infolettre Allaxis Innovation.<\/p>\n\n\n\n<h3 class=\"wp-block-heading\">9. DROIT D&rsquo;ACC\u00c8S, DE RECTIFICATION ET DE SUPPRESSION<\/h3>\n\n\n\n<p>Vous pouvez prendre connaissance, mettre \u00e0 jour, modifier ou demander la suppression des renseignements vous concernant, en respectant la proc\u00e9dure ci-apr\u00e8s \u00e9nonc\u00e9e&nbsp;:<\/p>\n\n\n\n<p>L\u2019utilisateur doit utiliser le formulaire de contact <a href=\"https:\/\/allaxis.ca\/contact\/\">https:\/\/allaxis.ca\/contact\/<\/a> pour \u00e9crire un message au responsable du traitement des renseignements personnes, en pr\u00e9cisant l\u2019objet de sa demande de retrait de la liste d\u2019envoi par courriel.<\/p>\n\n\n\n<h3 class=\"wp-block-heading\">10. S\u00c9CURIT\u00c9<\/h3>\n\n\n\n<p>Les informations personnelles que nous collectons sont conserv\u00e9es dans un environnement s\u00e9curis\u00e9. Les personnes travaillant pour nous sont tenues de respecter la confidentialit\u00e9 de vos informations.<\/p>\n\n\n\n<p>Pour assurer la s\u00e9curit\u00e9 de vos informations personnelles, nous avons recours aux mesures suivantes&nbsp;:<\/p>\n\n\n\n<ul class=\"wp-block-list\">\n<li>Protocole SSL (Secure Sockets Layer)<\/li>\n<\/ul>\n\n\n\n<p>Nous nous engageons \u00e0 maintenir un haut degr\u00e9 de confidentialit\u00e9 en int\u00e9grant les derni\u00e8res innovations technologiques permettant d&rsquo;assurer la confidentialit\u00e9 de vos transactions. Toutefois, comme aucun m\u00e9canisme n&rsquo;offre une s\u00e9curit\u00e9 maximale, une part de risque est toujours pr\u00e9sente lorsqu&rsquo;on utilise Internet pour transmettre des informations personnelles.<\/p>\n\n\n\n<h3 class=\"wp-block-heading\">11. CONDITIONS DE MODIFICATION DE LA POLITIQUE DE CONFIDENTIALIT\u00c9<\/h3>\n\n\n\n<p>La pr\u00e9sente politique de confidentialit\u00e9 peut \u00eatre consult\u00e9e \u00e0 tout moment \u00e0 l&rsquo;adresse ci-apr\u00e8s indiqu\u00e9e&nbsp;: <\/p>\n\n\n\n<p><a href=\"https:\/\/allaxis.ca\/politique-de-confidentialite\/\">https:\/\/allaxis.ca\/politique-de-confidentialite\/<\/a><\/p>\n\n\n\n<p>Nous nous r\u00e9servons le droit de la modifier afin de garantir sa conformit\u00e9 avec le droit en vigueur.<\/p>\n\n\n\n<p>Par cons\u00e9quent, vous \u00eates invit\u00e9(e) \u00e0 venir consulter r\u00e9guli\u00e8rement cette politique de confidentialit\u00e9 afin de vous tenir inform\u00e9(e) des derniers changements qui lui seront apport\u00e9s.<\/p>\n\n\n\n<h3 class=\"wp-block-heading\">12. ACCEPTATION DE LA POLITIQUE DE CONFIDENTIALIT\u00c9<\/h3>\n\n\n\n<p>En naviguant sur le site, vous attestez avoir lu et compris la pr\u00e9sente politique de confidentialit\u00e9 et en acceptez les conditions, en ce qui concerne plus particuli\u00e8rement la collecte et le traitement de vos renseignements personnels.<\/p>\n\n\n\n<h3 class=\"wp-block-heading\">13. L\u00c9GISLATION<\/h3>\n\n\n\n<p>Nous nous engageons \u00e0 respecter les dispositions l\u00e9gislatives \u00e9nonc\u00e9es dans&nbsp;:<\/p>\n\n\n\n<p><em>Loi sur la protection des renseignements personnels dans le secteur priv\u00e9<\/em>, RLRQ c P-39.1&nbsp;; et\/ou<\/p>\n\n\n\n<p><em>Loi sur la protection des renseignements personnels et les documents \u00e9lectroniques<\/em>, LC 2000, c 5.<\/p>\n","protected":false},"excerpt":{"rendered":"<p>allaxis innovation Politique de confidentialit\u00e9 Politique de confidentialit\u00e9 Cette politique s&rsquo;applique au site&nbsp;: allaxis.caDate de derni\u00e8re mise \u00e0 jour&nbsp;: 21 f\u00e9vrier 2023 Le respect de votre vie priv\u00e9e est de la plus haute importance pour Allaxis Innovation Inc., qui est responsable de ce site. La pr\u00e9sente politique de confidentialit\u00e9 a pour but de vous exposer:&#8230;<\/p>","protected":false},"author":1,"featured_media":0,"parent":0,"menu_order":0,"comment_status":"closed","ping_status":"closed","template":"","meta":{"_kad_post_transparent":"","_kad_post_title":"default","_kad_post_layout":"narrow","_kad_post_sidebar_id":"","_kad_post_content_style":"default","_kad_post_vertical_padding":"default","_kad_post_feature":"","_kad_post_feature_position":"","_kad_post_header":false,"_kad_post_footer":false,"_kad_post_classname":"","footnotes":""},"class_list":["post-14","page","type-page","status-publish","hentry"],"_links":{"self":[{"href":"https:\/\/allaxis.ca\/en\/wp-json\/wp\/v2\/pages\/14","targetHints":{"allow":["GET"]}}],"collection":[{"href":"https:\/\/allaxis.ca\/en\/wp-json\/wp\/v2\/pages"}],"about":[{"href":"https:\/\/allaxis.ca\/en\/wp-json\/wp\/v2\/types\/page"}],"author":[{"embeddable":true,"href":"https:\/\/allaxis.ca\/en\/wp-json\/wp\/v2\/users\/1"}],"replies":[{"embeddable":true,"href":"https:\/\/allaxis.ca\/en\/wp-json\/wp\/v2\/comments?post=14"}],"version-history":[{"count":44,"href":"https:\/\/allaxis.ca\/en\/wp-json\/wp\/v2\/pages\/14\/revisions"}],"predecessor-version":[{"id":4772,"href":"https:\/\/allaxis.ca\/en\/wp-json\/wp\/v2\/pages\/14\/revisions\/4772"}],"wp:attachment":[{"href":"https:\/\/allaxis.ca\/en\/wp-json\/wp\/v2\/media?parent=14"}],"curies":[{"name":"wp","href":"https:\/\/api.w.org\/{rel}","templated":true}]}}